{"id":2,"date":"2023-01-31T11:28:45","date_gmt":"2023-01-31T11:28:45","guid":{"rendered":"http:\/\/box2524\/cgi\/addon_GT.cgi?s=GT::WP::Install::EIG+%28awesomab%29+-+10.0.87.64+%5BWordpress%3b+\/var\/hp\/common\/lib\/Wordpress.pm%3b+534%3b+Hosting::gap_call%5D\/?page_id=2"},"modified":"2023-02-01T14:21:06","modified_gmt":"2023-02-01T14:21:06","slug":"subscribe-please","status":"publish","type":"page","link":"https:\/\/awesomable.com\/bible\/subscribe-please\/","title":{"rendered":"SUBSCRIBE PLEASE!"},"content":{"rendered":"\n<p><\/p>\n\n\n\n<div class=\"wp-block-ce4wp-subscribe\"><div class=\"onSubmission\" style=\"display:none\"><input class=\"onSubmissionSetting\" name=\"onSubmissionSetting\" type=\"hidden\" value=\"message\"\/><div><h2 class=\"title\"><\/h2><p class=\"subTitle\">Thank you for subscribing!<\/p><\/div><\/div><form class=\"cm-contact-form\" name=\"contact-form\"><input class=\"list_id\" name=\"list_id\" type=\"hidden\"\/><h2 class=\"title\"><\/h2> <p class=\"subTitle\"><strong>Sign up for our newsletter and stay up to date<\/strong><\/p><div class=\"inputBlock\"><label>First name<\/label><input class=\"firstName\" name=\"first_name\" type=\"text\"\/><\/div><div class=\"inputBlock\"><label>Last name<\/label><input class=\"lastName\" name=\"last_name\" type=\"text\"\/><\/div><div class=\"inputBlock\"><label>Email<\/label><span class=\"wp-caption-text required-text\" style=\"color:#ee0000\">*<\/span><input class=\"email\" name=\"email\" type=\"email\" oninvalid=\"setCustomValidity('Please enter a valid email address')\" oninput=\"setCustomValidity('')\" required\/><\/div><div class=\"disclaimer\"><input class=\"consent_check\" name=\"consent_check_7ae6cf72-6d89-425a-8ab4-0aa047ea2008\" id=\"consent_check_7ae6cf72-6d89-425a-8ab4-0aa047ea2008\" type=\"checkbox\"\/><label for=\"consent_check_7ae6cf72-6d89-425a-8ab4-0aa047ea2008\" class=\"disclaimer-label\">Can we send you an email from time to time?<\/label><\/div><button class=\"wp-block-button__link submit-button\" type=\"submit\">Subscribe<\/button><\/form><\/div>\n","protected":false},"excerpt":{"rendered":"","protected":false},"author":1,"featured_media":0,"parent":0,"menu_order":0,"comment_status":"closed","ping_status":"open","template":"","meta":{"nf_dc_page":"","om_disable_all_campaigns":false,"_monsterinsights_skip_tracking":false,"_monsterinsights_sitenote_active":false,"_monsterinsights_sitenote_note":"","_monsterinsights_sitenote_category":0,"jetpack_post_was_ever_published":false,"footnotes":""},"class_list":["post-2","page","type-page","status-publish","hentry"],"aioseo_notices":[],"yoast_head":"<!-- This site is optimized with the Yoast SEO plugin v27.4 - https:\/\/yoast.com\/product\/yoast-seo-wordpress\/ -->\n<title>SUBSCRIBE PLEASE! - Biblically Speaking<\/title>\n<meta name=\"robots\" content=\"index, follow, max-snippet:-1, max-image-preview:large, max-video-preview:-1\" \/>\n<link rel=\"canonical\" href=\"https:\/\/awesomable.com\/bible\/subscribe-please\/\" \/>\n<meta property=\"og:locale\" content=\"en_US\" \/>\n<meta property=\"og:type\" content=\"article\" \/>\n<meta property=\"og:title\" content=\"SUBSCRIBE PLEASE! - Biblically Speaking\" \/>\n<meta property=\"og:url\" content=\"https:\/\/awesomable.com\/bible\/subscribe-please\/\" \/>\n<meta property=\"og:site_name\" content=\"Biblically Speaking\" \/>\n<meta property=\"article:modified_time\" content=\"2023-02-01T14:21:06+00:00\" \/>\n<meta name=\"twitter:card\" content=\"summary_large_image\" \/>\n<meta name=\"twitter:label1\" content=\"Est. reading time\" \/>\n\t<meta name=\"twitter:data1\" content=\"1 minute\" \/>\n<script type=\"application\/ld+json\" class=\"yoast-schema-graph\">{\"@context\":\"https:\\\/\\\/schema.org\",\"@graph\":[{\"@type\":\"WebPage\",\"@id\":\"https:\\\/\\\/awesomable.com\\\/bible\\\/subscribe-please\\\/\",\"url\":\"https:\\\/\\\/awesomable.com\\\/bible\\\/subscribe-please\\\/\",\"name\":\"SUBSCRIBE PLEASE! - Biblically Speaking\",\"isPartOf\":{\"@id\":\"https:\\\/\\\/awesomable.com\\\/bible\\\/#website\"},\"datePublished\":\"2023-01-31T11:28:45+00:00\",\"dateModified\":\"2023-02-01T14:21:06+00:00\",\"breadcrumb\":{\"@id\":\"https:\\\/\\\/awesomable.com\\\/bible\\\/subscribe-please\\\/#breadcrumb\"},\"inLanguage\":\"en-US\",\"potentialAction\":[{\"@type\":\"ReadAction\",\"target\":[\"https:\\\/\\\/awesomable.com\\\/bible\\\/subscribe-please\\\/\"]}]},{\"@type\":\"BreadcrumbList\",\"@id\":\"https:\\\/\\\/awesomable.com\\\/bible\\\/subscribe-please\\\/#breadcrumb\",\"itemListElement\":[{\"@type\":\"ListItem\",\"position\":1,\"name\":\"Home\",\"item\":\"https:\\\/\\\/awesomable.com\\\/bible\\\/\"},{\"@type\":\"ListItem\",\"position\":2,\"name\":\"SUBSCRIBE PLEASE!\"}]},{\"@type\":\"WebSite\",\"@id\":\"https:\\\/\\\/awesomable.com\\\/bible\\\/#website\",\"url\":\"https:\\\/\\\/awesomable.com\\\/bible\\\/\",\"name\":\"Biblically Speaking\",\"description\":\"Where the Bible Speaks\",\"potentialAction\":[{\"@type\":\"SearchAction\",\"target\":{\"@type\":\"EntryPoint\",\"urlTemplate\":\"https:\\\/\\\/awesomable.com\\\/bible\\\/?s={search_term_string}\"},\"query-input\":{\"@type\":\"PropertyValueSpecification\",\"valueRequired\":true,\"valueName\":\"search_term_string\"}}],\"inLanguage\":\"en-US\"}]}<\/script>\n<!-- \/ Yoast SEO plugin. -->","yoast_head_json":{"title":"SUBSCRIBE PLEASE! - Biblically Speaking","robots":{"index":"index","follow":"follow","max-snippet":"max-snippet:-1","max-image-preview":"max-image-preview:large","max-video-preview":"max-video-preview:-1"},"canonical":"https:\/\/awesomable.com\/bible\/subscribe-please\/","og_locale":"en_US","og_type":"article","og_title":"SUBSCRIBE PLEASE! - Biblically Speaking","og_url":"https:\/\/awesomable.com\/bible\/subscribe-please\/","og_site_name":"Biblically Speaking","article_modified_time":"2023-02-01T14:21:06+00:00","twitter_card":"summary_large_image","twitter_misc":{"Est. reading time":"1 minute"},"schema":{"@context":"https:\/\/schema.org","@graph":[{"@type":"WebPage","@id":"https:\/\/awesomable.com\/bible\/subscribe-please\/","url":"https:\/\/awesomable.com\/bible\/subscribe-please\/","name":"SUBSCRIBE PLEASE! - Biblically Speaking","isPartOf":{"@id":"https:\/\/awesomable.com\/bible\/#website"},"datePublished":"2023-01-31T11:28:45+00:00","dateModified":"2023-02-01T14:21:06+00:00","breadcrumb":{"@id":"https:\/\/awesomable.com\/bible\/subscribe-please\/#breadcrumb"},"inLanguage":"en-US","potentialAction":[{"@type":"ReadAction","target":["https:\/\/awesomable.com\/bible\/subscribe-please\/"]}]},{"@type":"BreadcrumbList","@id":"https:\/\/awesomable.com\/bible\/subscribe-please\/#breadcrumb","itemListElement":[{"@type":"ListItem","position":1,"name":"Home","item":"https:\/\/awesomable.com\/bible\/"},{"@type":"ListItem","position":2,"name":"SUBSCRIBE PLEASE!"}]},{"@type":"WebSite","@id":"https:\/\/awesomable.com\/bible\/#website","url":"https:\/\/awesomable.com\/bible\/","name":"Biblically Speaking","description":"Where the Bible Speaks","potentialAction":[{"@type":"SearchAction","target":{"@type":"EntryPoint","urlTemplate":"https:\/\/awesomable.com\/bible\/?s={search_term_string}"},"query-input":{"@type":"PropertyValueSpecification","valueRequired":true,"valueName":"search_term_string"}}],"inLanguage":"en-US"}]}},"jetpack_shortlink":"https:\/\/wp.me\/PeyyZc-2","jetpack_sharing_enabled":true,"jetpack_likes_enabled":true,"jetpack-related-posts":[{"id":395,"url":"https:\/\/awesomable.com\/bible\/unity-pledge\/","url_meta":{"origin":2,"position":0},"title":"Unity Pledge","author":"Sarah Lane","date":"September 13, 2025","format":false,"excerpt":"The Unity Pledge English \u0627\u0644\u0639\u0631\u0628\u064a\u0629 \u09ac\u09be\u0982\u09b2\u09be Cebuano \u7b80\u4f53\u4e2d\u6587 \u7e41\u9ad4\u4e2d\u6587 \u010ce\u0161tina Nederlands \u0641\u0627\u0631\u0633\u06cc Filipino Fran\u00e7ais Deutsch \u0395\u03bb\u03bb\u03b7\u03bd\u03b9\u03ba\u03ac \u05e2\u05d1\u05e8\u05d9\u05ea \u0939\u093f\u0928\u094d\u0926\u0940 Hrvatski Bahasa Indonesia Italiano \u65e5\u672c\u8a9e \ud55c\uad6d\uc5b4 Bahasa Melayu Polski Portugu\u00eas Rom\u00e2n\u0103 \u0420\u0443\u0441\u0441\u043a\u0438\u0439 Espa\u00f1ol Kiswahili \u0e44\u0e17\u0e22 T\u00fcrk\u00e7e \u0423\u043a\u0440\u0430\u0457\u043d\u0441\u044c\u043a\u0430 \u0627\u0631\u062f\u0648 Ti\u1ebfng Vi\u1ec7t The Unity Pledge From Millstones to Milestones This is not cheap unity.\u2026","rel":"","context":"Similar post","block_context":{"text":"Similar post","link":""},"img":{"alt_text":"","src":"https:\/\/i0.wp.com\/awesomable.com\/bible\/wp-content\/uploads\/2025\/09\/img_6199.jpg?fit=892%2C1200&ssl=1&resize=350%2C200","width":350,"height":200,"srcset":"https:\/\/i0.wp.com\/awesomable.com\/bible\/wp-content\/uploads\/2025\/09\/img_6199.jpg?fit=892%2C1200&ssl=1&resize=350%2C200 1x, https:\/\/i0.wp.com\/awesomable.com\/bible\/wp-content\/uploads\/2025\/09\/img_6199.jpg?fit=892%2C1200&ssl=1&resize=525%2C300 1.5x, https:\/\/i0.wp.com\/awesomable.com\/bible\/wp-content\/uploads\/2025\/09\/img_6199.jpg?fit=892%2C1200&ssl=1&resize=700%2C400 2x"},"classes":[]},{"id":256,"url":"https:\/\/awesomable.com\/bible\/resources\/","url_meta":{"origin":2,"position":1},"title":"Resources","author":"Sarah Lane","date":"March 24, 2025","format":false,"excerpt":"Photo by Tara Winstead on Pexels.com Devotional Resources to Draw Closer to God in Your Quiet Time In the busyness of life, carving out quiet moments with God can be both a challenge and a lifeline. Whether you're starting your day with Scripture, journaling your prayers, or simply sitting in\u2026","rel":"","context":"Similar post","block_context":{"text":"Similar post","link":""},"img":{"alt_text":"love coffee cup hand","src":"https:\/\/i0.wp.com\/awesomable.com\/bible\/wp-content\/uploads\/2025\/03\/pexels-photo-8383493.jpeg?resize=350%2C200&ssl=1","width":350,"height":200,"srcset":"https:\/\/i0.wp.com\/awesomable.com\/bible\/wp-content\/uploads\/2025\/03\/pexels-photo-8383493.jpeg?resize=350%2C200&ssl=1 1x, https:\/\/i0.wp.com\/awesomable.com\/bible\/wp-content\/uploads\/2025\/03\/pexels-photo-8383493.jpeg?resize=525%2C300&ssl=1 1.5x, https:\/\/i0.wp.com\/awesomable.com\/bible\/wp-content\/uploads\/2025\/03\/pexels-photo-8383493.jpeg?resize=700%2C400&ssl=1 2x, https:\/\/i0.wp.com\/awesomable.com\/bible\/wp-content\/uploads\/2025\/03\/pexels-photo-8383493.jpeg?resize=1050%2C600&ssl=1 3x, https:\/\/i0.wp.com\/awesomable.com\/bible\/wp-content\/uploads\/2025\/03\/pexels-photo-8383493.jpeg?resize=1400%2C800&ssl=1 4x"},"classes":[]}],"_links":{"self":[{"href":"https:\/\/awesomable.com\/bible\/wp-json\/wp\/v2\/pages\/2","targetHints":{"allow":["GET"]}}],"collection":[{"href":"https:\/\/awesomable.com\/bible\/wp-json\/wp\/v2\/pages"}],"about":[{"href":"https:\/\/awesomable.com\/bible\/wp-json\/wp\/v2\/types\/page"}],"author":[{"embeddable":true,"href":"https:\/\/awesomable.com\/bible\/wp-json\/wp\/v2\/users\/1"}],"replies":[{"embeddable":true,"href":"https:\/\/awesomable.com\/bible\/wp-json\/wp\/v2\/comments?post=2"}],"version-history":[{"count":2,"href":"https:\/\/awesomable.com\/bible\/wp-json\/wp\/v2\/pages\/2\/revisions"}],"predecessor-version":[{"id":38,"href":"https:\/\/awesomable.com\/bible\/wp-json\/wp\/v2\/pages\/2\/revisions\/38"}],"wp:attachment":[{"href":"https:\/\/awesomable.com\/bible\/wp-json\/wp\/v2\/media?parent=2"}],"curies":[{"name":"wp","href":"https:\/\/api.w.org\/{rel}","templated":true}]}}